{"id":707,"date":"2026-01-14T16:46:28","date_gmt":"2026-01-14T16:46:28","guid":{"rendered":"https:\/\/kiavikprint.com\/?page_id=707"},"modified":"2026-01-14T16:50:07","modified_gmt":"2026-01-14T16:50:07","slug":"mentions-legales","status":"publish","type":"page","link":"https:\/\/kiavikprint.com\/en\/mentions-legales\/","title":{"rendered":"Mentions l\u00e9gales"},"content":{"rendered":"<p>[et_pb_section fb_built=\u00a0\u00bb1&Prime; _builder_version=\u00a0\u00bb4.27.5&Prime; _module_preset=\u00a0\u00bbdefault\u00a0\u00bb background_color=\u00a0\u00bb#000000&Prime; global_colors_info=\u00a0\u00bb{}\u00a0\u00bb][et_pb_row _builder_version=\u00a0\u00bb4.27.5&Prime; _module_preset=\u00a0\u00bbdefault\u00a0\u00bb global_colors_info=\u00a0\u00bb{}\u00a0\u00bb][et_pb_column type=\u00a0\u00bb4_4&Prime; _builder_version=\u00a0\u00bb4.27.5&Prime; _module_preset=\u00a0\u00bbdefault\u00a0\u00bb global_colors_info=\u00a0\u00bb{}\u00a0\u00bb][et_pb_text _builder_version=\u00a0\u00bb4.27.5&Prime; _module_preset=\u00a0\u00bbdefault\u00a0\u00bb global_colors_info=\u00a0\u00bb{}\u00a0\u00bb]<\/p>\n<p>Mentions l\u00e9gales<br \/>En vigueur au 14\/01\/2026<br \/>Conform\u00e9ment aux dispositions de la loi n\u00b02004-575 du 21 juin 2004 pour la Confiance en l\u2019\u00e9conomie<br \/>num\u00e9rique, il est port\u00e9 \u00e0 la connaissance des utilisateurs et visiteurs, ci-apr\u00e8s l&rsquo; \u00ab\u00a0Utilisateur\u00a0\u00bb, du site<br \/>https:\/\/kiavikprint.com , ci-apr\u00e8s le \u00ab\u00a0Site\u00a0\u00bb, les pr\u00e9sentes mentions l\u00e9gales.<br \/>La connexion et la navigation sur le Site par l\u2019Utilisateur implique acceptation int\u00e9grale et sans<br \/>r\u00e9serve des pr\u00e9sentes mentions l\u00e9gales.<br \/>Ces derni\u00e8res sont accessibles sur le Site \u00e0 la rubrique \u00ab\u00a0Mentions l\u00e9gales\u00a0\u00bb.<br \/>EDITION DU SITE<br \/>L&rsquo;\u00e9dition du Site est assur\u00e9e par la soci\u00e9t\u00e9 KIAVIK VERTICAL PRINT, MICRO au capital de 10,000<br \/>euros, immatricul\u00e9e au Registre du Commerce et des Soci\u00e9t\u00e9s de annecy sous le num\u00e9ro 983616053<br \/>dont le si\u00e8ge social est situ\u00e9 au 3 AV DU PRE FELIN, 74000 ANNECY,<br \/>&gt; Num\u00e9ro de t\u00e9l\u00e9phone : 33612563080<br \/>&gt; Adresse e-mail : kiavikdavid@gmail.com.<br \/>&gt; N\u00b0 de TVA intracommunautaire : FR16983616053<br \/>&gt; Directeur de la publication : David BOCHU<br \/>ci-apr\u00e8s l'\u00a0\u00bbEditeur\u00a0\u00bb.<br \/>HEBERGEUR<br \/>L&rsquo;h\u00e9bergeur du Site est la soci\u00e9t\u00e9 OVH SAS, dont le si\u00e8ge social est situ\u00e9 au 2 rue Kellermann,<br \/>59100 Roubaix, France .<br \/>ACCES AU SITE<br \/>Le Site est normalement accessible, \u00e0 tout moment, \u00e0 l&rsquo;Utilisateur. Toutefois, l&rsquo;Editeur pourra, \u00e0 tout<br \/>moment, suspendre, limiter ou interrompre le Site afin de proc\u00e9der, notamment, \u00e0 des mises \u00e0 jour ou<br \/>des modifications de son contenu. L&rsquo;Editeur ne pourra en aucun cas \u00eatre tenu responsable des<br \/>cons\u00e9quences \u00e9ventuelles de cette indisponibilit\u00e9 sur les activit\u00e9s de l&rsquo;Utilisateur.<br \/>ci-apr\u00e8s l'\u00a0\u00bbEditeur\u00a0\u00bb.<br \/>HEBERGEUR<br \/>L&rsquo;h\u00e9bergeur du Site est la soci\u00e9t\u00e9 OVH SAS, dont le si\u00e8ge social est situ\u00e9 au 2 rue Kellermann,<br \/>59100 Roubaix, France . Le num\u00e9ro de t\u00e9l\u00e9phone de l&rsquo;h\u00e9bergeur est le 33320850700.<br \/>1<br \/>ACCES AU SITE<br \/>Le Site est normalement accessible, \u00e0 tout moment, \u00e0 l&rsquo;Utilisateur. Toutefois, l&rsquo;Editeur pourra, \u00e0 tout<br \/>moment, suspendre, limiter ou interrompre le Site afin de proc\u00e9der, notamment, \u00e0 des mises \u00e0 jour ou<br \/>des modifications de son contenu. L&rsquo;Editeur ne pourra en aucun cas \u00eatre tenu responsable des<br \/>cons\u00e9quences \u00e9ventuelles de cette indisponibilit\u00e9 sur les activit\u00e9s de l&rsquo;Utilisateur.<br \/>COLLECTE DES DONNEES<br \/>Le Site assure \u00e0 l&rsquo;Utilisateur une collecte et un traitement des donn\u00e9es personnelles dans le respect<br \/>de la vie priv\u00e9e conform\u00e9ment \u00e0 la loi n\u00b078-17 du 6 janvier 1978 relative \u00e0 l&rsquo;informatique, aux fichiers<br \/>aux libert\u00e9s et dans le respect de la r\u00e8glementation applicable en mati\u00e8re de traitement des donn\u00e9es<br \/>\u00e0 caract\u00e8re personnel conform\u00e9ment au r\u00e8glement (UE) 2016\/679 du Parlement europ\u00e9en et du<br \/>Conseil du 27 avril 2016 (ci-apr\u00e8s, ensemble, la \u00ab\u00a0R\u00e8glementation applicable en mati\u00e8re de<br \/>protection des Donn\u00e9es \u00e0 caract\u00e8re personnel\u00a0\u00bb).<br \/>En vertu de la R\u00e8glementation applicable en mati\u00e8re de protection des Donn\u00e9es \u00e0 caract\u00e8re<br \/>personnel, l&rsquo;Utilisateur dispose d&rsquo;un droit d&rsquo;acc\u00e8s, de rectification, de suppression et d&rsquo;opposition de<br \/>ses donn\u00e9es personnelles. L&rsquo;Utilisateur peut exercer ce droit :<br \/>\uf0b7 par mail \u00e0 l&rsquo;adresse email kiavikdavid@gmail.com<br \/>\uf0b7 depuis le formulaire de contact ;<br \/>Toute utilisation, reproduction, diffusion, commercialisation, modification de toute ou partie du Site,<br \/>sans autorisation expresse de l\u2019Editeur est prohib\u00e9e et pourra entra\u00eener des actions et poursuites<br \/>judiciaires telles que pr\u00e9vues par la r\u00e8glementation en vigueur.<br \/>Pour plus d\u2019informations, se reporter aux CGU du site https:\/\/kiavikprint.com accessibles depuis la<br \/>rubrique \u00ab\u00a0CGU\u00a0\u00bb .<\/p>\n<p>[\/et_pb_text][\/et_pb_column][\/et_pb_row][\/et_pb_section]<\/p>\n","protected":false},"excerpt":{"rendered":"<p>Mentions l\u00e9galesEn vigueur au 14\/01\/2026Conform\u00e9ment aux dispositions de la loi n\u00b02004-575 du 21 juin 2004 pour la Confiance en l\u2019\u00e9conomienum\u00e9rique, il est port\u00e9 \u00e0 la connaissance des utilisateurs et visiteurs, ci-apr\u00e8s l&rsquo; \u00ab\u00a0Utilisateur\u00a0\u00bb, du sitehttps:\/\/kiavikprint.com , ci-apr\u00e8s le \u00ab\u00a0Site\u00a0\u00bb, les pr\u00e9sentes mentions l\u00e9gales.La connexion et la navigation sur le Site par l\u2019Utilisateur implique acceptation int\u00e9grale [&hellip;]<\/p>\n","protected":false},"author":2,"featured_media":0,"parent":0,"menu_order":0,"comment_status":"closed","ping_status":"closed","template":"","meta":{"_acf_changed":false,"_et_pb_use_builder":"on","_et_pb_old_content":"","_et_gb_content_width":"","footnotes":""},"class_list":["post-707","page","type-page","status-publish","hentry"],"acf":[],"yoast_head":"<!-- This site is optimized with the Yoast SEO plugin v27.4 - https:\/\/yoast.com\/product\/yoast-seo-wordpress\/ -->\n<title>Mentions l\u00e9gales - Kiavik Vertical Print<\/title>\n<meta name=\"robots\" content=\"index, follow, max-snippet:-1, max-image-preview:large, max-video-preview:-1\" \/>\n<link rel=\"canonical\" href=\"https:\/\/kiavikprint.com\/en\/mentions-legales\/\" \/>\n<meta property=\"og:locale\" content=\"en_US\" \/>\n<meta property=\"og:type\" content=\"article\" \/>\n<meta property=\"og:title\" content=\"Mentions l\u00e9gales - Kiavik Vertical Print\" \/>\n<meta property=\"og:description\" content=\"Mentions l\u00e9galesEn vigueur au 14\/01\/2026Conform\u00e9ment aux dispositions de la loi n\u00b02004-575 du 21 juin 2004 pour la Confiance en l\u2019\u00e9conomienum\u00e9rique, il est port\u00e9 \u00e0 la connaissance des utilisateurs et visiteurs, ci-apr\u00e8s l&#039; &quot;Utilisateur&quot;, du sitehttps:\/\/kiavikprint.com , ci-apr\u00e8s le &quot;Site&quot;, les pr\u00e9sentes mentions l\u00e9gales.La connexion et la navigation sur le Site par l\u2019Utilisateur implique acceptation int\u00e9grale [&hellip;]\" \/>\n<meta property=\"og:url\" content=\"https:\/\/kiavikprint.com\/en\/mentions-legales\/\" \/>\n<meta property=\"og:site_name\" content=\"Kiavik Vertical Print\" \/>\n<meta property=\"article:modified_time\" content=\"2026-01-14T16:50:07+00:00\" \/>\n<meta name=\"twitter:card\" content=\"summary_large_image\" \/>\n<script type=\"application\/ld+json\" class=\"yoast-schema-graph\">{\"@context\":\"https:\\\/\\\/schema.org\",\"@graph\":[{\"@type\":\"WebPage\",\"@id\":\"https:\\\/\\\/kiavikprint.com\\\/en\\\/mentions-legales\\\/\",\"url\":\"https:\\\/\\\/kiavikprint.com\\\/en\\\/mentions-legales\\\/\",\"name\":\"Mentions l\u00e9gales - Kiavik Vertical Print\",\"isPartOf\":{\"@id\":\"https:\\\/\\\/kiavikprint.com\\\/en\\\/#website\"},\"datePublished\":\"2026-01-14T16:46:28+00:00\",\"dateModified\":\"2026-01-14T16:50:07+00:00\",\"breadcrumb\":{\"@id\":\"https:\\\/\\\/kiavikprint.com\\\/en\\\/mentions-legales\\\/#breadcrumb\"},\"inLanguage\":\"en-US\",\"potentialAction\":[{\"@type\":\"ReadAction\",\"target\":[\"https:\\\/\\\/kiavikprint.com\\\/en\\\/mentions-legales\\\/\"]}]},{\"@type\":\"BreadcrumbList\",\"@id\":\"https:\\\/\\\/kiavikprint.com\\\/en\\\/mentions-legales\\\/#breadcrumb\",\"itemListElement\":[{\"@type\":\"ListItem\",\"position\":1,\"name\":\"Home\",\"item\":\"https:\\\/\\\/kiavikprint.com\\\/en\\\/\"},{\"@type\":\"ListItem\",\"position\":2,\"name\":\"Mentions l\u00e9gales\"}]},{\"@type\":\"WebSite\",\"@id\":\"https:\\\/\\\/kiavikprint.com\\\/en\\\/#website\",\"url\":\"https:\\\/\\\/kiavikprint.com\\\/en\\\/\",\"name\":\"Kiavik Vertical Print\",\"description\":\"Wall Printing Solutions in France\",\"publisher\":{\"@id\":\"https:\\\/\\\/kiavikprint.com\\\/en\\\/#organization\"},\"potentialAction\":[{\"@type\":\"SearchAction\",\"target\":{\"@type\":\"EntryPoint\",\"urlTemplate\":\"https:\\\/\\\/kiavikprint.com\\\/en\\\/?s={search_term_string}\"},\"query-input\":{\"@type\":\"PropertyValueSpecification\",\"valueRequired\":true,\"valueName\":\"search_term_string\"}}],\"inLanguage\":\"en-US\"},{\"@type\":\"Organization\",\"@id\":\"https:\\\/\\\/kiavikprint.com\\\/en\\\/#organization\",\"name\":\"Kiavik Vertical Print\",\"url\":\"https:\\\/\\\/kiavikprint.com\\\/en\\\/\",\"logo\":{\"@type\":\"ImageObject\",\"inLanguage\":\"en-US\",\"@id\":\"https:\\\/\\\/kiavikprint.com\\\/en\\\/#\\\/schema\\\/logo\\\/image\\\/\",\"url\":\"https:\\\/\\\/kiavikprint.com\\\/wp-content\\\/uploads\\\/2024\\\/08\\\/kiavik-logo-black.png\",\"contentUrl\":\"https:\\\/\\\/kiavikprint.com\\\/wp-content\\\/uploads\\\/2024\\\/08\\\/kiavik-logo-black.png\",\"width\":700,\"height\":182,\"caption\":\"Kiavik Vertical Print\"},\"image\":{\"@id\":\"https:\\\/\\\/kiavikprint.com\\\/en\\\/#\\\/schema\\\/logo\\\/image\\\/\"},\"sameAs\":[\"https:\\\/\\\/www.instagram.com\\\/kiavik_vertical_print\\\/\"]}]}<\/script>\n<!-- \/ Yoast SEO plugin. -->","yoast_head_json":{"title":"Mentions l\u00e9gales - Kiavik Vertical Print","robots":{"index":"index","follow":"follow","max-snippet":"max-snippet:-1","max-image-preview":"max-image-preview:large","max-video-preview":"max-video-preview:-1"},"canonical":"https:\/\/kiavikprint.com\/en\/mentions-legales\/","og_locale":"en_US","og_type":"article","og_title":"Mentions l\u00e9gales - Kiavik Vertical Print","og_description":"Mentions l\u00e9galesEn vigueur au 14\/01\/2026Conform\u00e9ment aux dispositions de la loi n\u00b02004-575 du 21 juin 2004 pour la Confiance en l\u2019\u00e9conomienum\u00e9rique, il est port\u00e9 \u00e0 la connaissance des utilisateurs et visiteurs, ci-apr\u00e8s l' \"Utilisateur\", du sitehttps:\/\/kiavikprint.com , ci-apr\u00e8s le \"Site\", les pr\u00e9sentes mentions l\u00e9gales.La connexion et la navigation sur le Site par l\u2019Utilisateur implique acceptation int\u00e9grale [&hellip;]","og_url":"https:\/\/kiavikprint.com\/en\/mentions-legales\/","og_site_name":"Kiavik Vertical Print","article_modified_time":"2026-01-14T16:50:07+00:00","twitter_card":"summary_large_image","schema":{"@context":"https:\/\/schema.org","@graph":[{"@type":"WebPage","@id":"https:\/\/kiavikprint.com\/en\/mentions-legales\/","url":"https:\/\/kiavikprint.com\/en\/mentions-legales\/","name":"Mentions l\u00e9gales - Kiavik Vertical Print","isPartOf":{"@id":"https:\/\/kiavikprint.com\/en\/#website"},"datePublished":"2026-01-14T16:46:28+00:00","dateModified":"2026-01-14T16:50:07+00:00","breadcrumb":{"@id":"https:\/\/kiavikprint.com\/en\/mentions-legales\/#breadcrumb"},"inLanguage":"en-US","potentialAction":[{"@type":"ReadAction","target":["https:\/\/kiavikprint.com\/en\/mentions-legales\/"]}]},{"@type":"BreadcrumbList","@id":"https:\/\/kiavikprint.com\/en\/mentions-legales\/#breadcrumb","itemListElement":[{"@type":"ListItem","position":1,"name":"Home","item":"https:\/\/kiavikprint.com\/en\/"},{"@type":"ListItem","position":2,"name":"Mentions l\u00e9gales"}]},{"@type":"WebSite","@id":"https:\/\/kiavikprint.com\/en\/#website","url":"https:\/\/kiavikprint.com\/en\/","name":"Kiavik Vertical Print","description":"Wall Printing Solutions in France","publisher":{"@id":"https:\/\/kiavikprint.com\/en\/#organization"},"potentialAction":[{"@type":"SearchAction","target":{"@type":"EntryPoint","urlTemplate":"https:\/\/kiavikprint.com\/en\/?s={search_term_string}"},"query-input":{"@type":"PropertyValueSpecification","valueRequired":true,"valueName":"search_term_string"}}],"inLanguage":"en-US"},{"@type":"Organization","@id":"https:\/\/kiavikprint.com\/en\/#organization","name":"Kiavik Vertical Print","url":"https:\/\/kiavikprint.com\/en\/","logo":{"@type":"ImageObject","inLanguage":"en-US","@id":"https:\/\/kiavikprint.com\/en\/#\/schema\/logo\/image\/","url":"https:\/\/kiavikprint.com\/wp-content\/uploads\/2024\/08\/kiavik-logo-black.png","contentUrl":"https:\/\/kiavikprint.com\/wp-content\/uploads\/2024\/08\/kiavik-logo-black.png","width":700,"height":182,"caption":"Kiavik Vertical Print"},"image":{"@id":"https:\/\/kiavikprint.com\/en\/#\/schema\/logo\/image\/"},"sameAs":["https:\/\/www.instagram.com\/kiavik_vertical_print\/"]}]}},"_links":{"self":[{"href":"https:\/\/kiavikprint.com\/en\/wp-json\/wp\/v2\/pages\/707","targetHints":{"allow":["GET"]}}],"collection":[{"href":"https:\/\/kiavikprint.com\/en\/wp-json\/wp\/v2\/pages"}],"about":[{"href":"https:\/\/kiavikprint.com\/en\/wp-json\/wp\/v2\/types\/page"}],"author":[{"embeddable":true,"href":"https:\/\/kiavikprint.com\/en\/wp-json\/wp\/v2\/users\/2"}],"replies":[{"embeddable":true,"href":"https:\/\/kiavikprint.com\/en\/wp-json\/wp\/v2\/comments?post=707"}],"version-history":[{"count":3,"href":"https:\/\/kiavikprint.com\/en\/wp-json\/wp\/v2\/pages\/707\/revisions"}],"predecessor-version":[{"id":711,"href":"https:\/\/kiavikprint.com\/en\/wp-json\/wp\/v2\/pages\/707\/revisions\/711"}],"wp:attachment":[{"href":"https:\/\/kiavikprint.com\/en\/wp-json\/wp\/v2\/media?parent=707"}],"curies":[{"name":"wp","href":"https:\/\/api.w.org\/{rel}","templated":true}]}}